{"id":3430,"date":"2021-03-23T20:08:42","date_gmt":"2021-03-24T00:08:42","guid":{"rendered":"https:\/\/fcaap.ca\/appendix-1\/"},"modified":"2024-09-26T19:29:04","modified_gmt":"2024-09-26T23:29:04","slug":"appendix-1","status":"publish","type":"page","link":"https:\/\/fcaap.ca\/en\/appendix-1\/","title":{"rendered":"Appendix 1"},"content":{"rendered":"<p>[et_pb_section fb_built=&#8221;1&#8243; _builder_version=&#8221;4.16&#8243; _module_preset=&#8221;default&#8221; global_colors_info=&#8221;{}&#8221;][et_pb_row _builder_version=&#8221;4.16&#8243; _module_preset=&#8221;default&#8221; custom_margin=&#8221;16px|auto|40px|auto||&#8221; global_colors_info=&#8221;{}&#8221;][et_pb_column type=&#8221;4_4&#8243; _builder_version=&#8221;4.16&#8243; _module_preset=&#8221;default&#8221; global_colors_info=&#8221;{}&#8221;][et_pb_text _builder_version=&#8221;4.21.0&#8243; link_text_color=&#8221;#40b5bf&#8221; header_font_size=&#8221;40px&#8221; header_3_text_color=&#8221;#ed6b4b&#8221; header_3_line_height=&#8221;1.3em&#8221; custom_margin=&#8221;||30px|||&#8221; inline_fonts=&#8221;Dosis&#8221; global_colors_info=&#8221;{}&#8221; link_text_color__hover_enabled=&#8221;on|hover&#8221; link_text_color__hover=&#8221;#ed6b4b&#8221;]<\/p>\n<h1><span style=\"color: #40b5bf;\"><span style=\"font-family: Dosis;\">Certification for private seniors\u2019 residences (PSRs)<\/span><\/span><\/h1>\n<p>As a way to ensure your health and safety, private seniors\u2019 residences (PSRs) have to be <strong>certified<\/strong>.<\/p>\n<p><span style=\"font-weight: 400;\">To be certified, <strong>residences have to meet a number of requirements<\/strong>, including the requirement to have a fire safety plan, to have a minimum number of staff in the residence at all times, to define procedures for managing medication that is prescribed, distributed, or administered to residents, <\/span><a href=\"https:\/\/www.quebec.ca\/en\/homes-and-housing\/renting\/private-seniors-residences\/#c32808\" target=\"_blank\" rel=\"noopener noreferrer\"><b>and more<\/b><\/a><b>.<\/b><\/p>\n<p><span style=\"font-weight: 400;\">To find out if your residence is <strong>certified<\/strong>, <\/span><a href=\"http:\/\/k10.pub.msss.rtss.qc.ca\/public\/K10FormRecherche.asp\" target=\"_blank\" rel=\"noopener\"><b>see the Registre des r\u00e9sidences priv\u00e9es pour a\u00een\u00e9es<\/b><\/a>.<span style=\"font-size: 14px;\">\u00a0<\/span> (in French only)<\/p>\n<p>[\/et_pb_text][et_pb_text _builder_version=&#8221;4.21.0&#8243; link_font=&#8221;||||on||||&#8221; link_text_color=&#8221;#40b5bf&#8221; link_line_height=&#8221;1.3em&#8221; ul_line_height=&#8221;1.3em&#8221; custom_margin=&#8221;-17px||33px|||&#8221; custom_padding=&#8221;0px|||||&#8221; hover_enabled=&#8221;0&#8243; global_colors_info=&#8221;{}&#8221; link_text_color__hover=&#8221;#ed6b4b&#8221; link_text_color__hover_enabled=&#8221;on|hover&#8221; sticky_enabled=&#8221;0&#8243;]<\/p>\n<p>Private seniors\u2019 residences are also required to offer services <strong>that fall under<\/strong> <strong>at least two of the following categories:<\/strong><\/p>\n<ul>\n<li>Meal services<\/li>\n<li>Personal assistance services<\/li>\n<li>Nursing services<\/li>\n<li>Housekeeping services<\/li>\n<li>Security services<\/li>\n<li>Recreational services<\/li>\n<\/ul>\n<p>The services offered and the cost for those services must be listed in your lease and in <strong><a href=\"https:\/\/www.legisquebec.gouv.qc.ca\/en\/resource\/cr\/T-15.01R3_EN_006_003.pdf?langCont=en&amp;target=DE12B16FF7331095BEA086F6E06E0DC5\" target=\"_blank\" rel=\"noopener\">Schedule 6<\/a><\/strong>. So it\u2019s important to consider your needs carefully and understand the cost and type of services before you sign the lease<strong>. <\/strong><\/p>\n<p><strong>Ask all the questions you need to before signing a lease to live <\/strong>in a private seniors\u2019 residence (PSR).<\/p>\n<p>No matter what the problem is, you can call your local CAAP for help. Especially since CAAP services are <strong>free and confidential<\/strong>.<\/p>\n<p>&nbsp;<\/p>\n<p>[\/et_pb_text][et_pb_accordion _builder_version=&#8221;4.21.0&#8243; custom_padding=&#8221;|20px||20px|true|true&#8221; hover_enabled=&#8221;0&#8243; border_width_all=&#8221;0px&#8221; box_shadow_style=&#8221;preset1&#8243; box_shadow_vertical=&#8221;5px&#8221; box_shadow_color=&#8221;rgba(0,0,0,0.16)&#8221; global_colors_info=&#8221;{}&#8221; sticky_enabled=&#8221;0&#8243;][et_pb_accordion_item open=&#8221;on&#8221; open_toggle_text_color=&#8221;#40b5bf&#8221; open_toggle_background_color=&#8221;#ffffff&#8221; closed_toggle_background_color=&#8221;#cecece&#8221; icon_color=&#8221;#ffffff&#8221; _builder_version=&#8221;4.21.0&#8243; body_font_size=&#8221;16px&#8221; body_line_height=&#8221;1.6em&#8221; body_link_text_color=&#8221;#40b5bf&#8221; text_orientation=&#8221;left&#8221; hover_enabled=&#8221;0&#8243; global_colors_info=&#8221;{}&#8221; toggle_text_color=&#8221;#000000&#8243; toggle_level=&#8221;h2&#8243; toggle_font=&#8221;|700|||||||&#8221; toggle_font_size=&#8221;21px&#8221; toggle_letter_spacing=&#8221;1px&#8221; body_link_text_color__hover_enabled=&#8221;on|hover&#8221; body_link_text_color__hover=&#8221;#ed6b4b&#8221; sticky_enabled=&#8221;0&#8243;]<\/p>\n<h3 style=\"color: #ed6b4b;\"><strong>To find and contact your local CAAP:<\/strong><\/h3>\n<ul>\n<li>see the <a href=\"https:\/\/fcaap.ca\/en\/contact-us\/\" target=\"_blank\" rel=\"noopener\"><b>CAAP directory<\/b><\/a><\/li>\n<li>or call <span style=\"color: #33cccc;\"><b>1\u00a0877\u00a0767-2227\u00a0<\/b><\/span><\/li>\n<\/ul>\n<p>[\/et_pb_accordion_item][\/et_pb_accordion][\/et_pb_column][\/et_pb_row][\/et_pb_section]<\/p>\n","protected":false},"excerpt":{"rendered":"<p>Certification for private seniors\u2019 residences (PSRs) As a way to ensure your health and safety, private seniors\u2019 residences (PSRs) have to be certified. To be certified, residences have to meet a number of requirements, including the requirement to have a fire safety plan, to have a minimum number of staff in the residence at all [&hellip;]<\/p>\n","protected":false},"author":1,"featured_media":0,"parent":0,"menu_order":0,"comment_status":"closed","ping_status":"closed","template":"","meta":{"_et_pb_use_builder":"on","_et_pb_old_content":"","_et_gb_content_width":"","_monsterinsights_skip_tracking":false,"_monsterinsights_sitenote_active":false,"_monsterinsights_sitenote_note":"","_monsterinsights_sitenote_category":0,"_uf_show_specific_survey":0,"_uf_disable_surveys":false,"footnotes":""},"class_list":["post-3430","page","type-page","status-publish","hentry"],"_links":{"self":[{"href":"https:\/\/fcaap.ca\/en\/wp-json\/wp\/v2\/pages\/3430"}],"collection":[{"href":"https:\/\/fcaap.ca\/en\/wp-json\/wp\/v2\/pages"}],"about":[{"href":"https:\/\/fcaap.ca\/en\/wp-json\/wp\/v2\/types\/page"}],"author":[{"embeddable":true,"href":"https:\/\/fcaap.ca\/en\/wp-json\/wp\/v2\/users\/1"}],"replies":[{"embeddable":true,"href":"https:\/\/fcaap.ca\/en\/wp-json\/wp\/v2\/comments?post=3430"}],"version-history":[{"count":17,"href":"https:\/\/fcaap.ca\/en\/wp-json\/wp\/v2\/pages\/3430\/revisions"}],"predecessor-version":[{"id":4856,"href":"https:\/\/fcaap.ca\/en\/wp-json\/wp\/v2\/pages\/3430\/revisions\/4856"}],"wp:attachment":[{"href":"https:\/\/fcaap.ca\/en\/wp-json\/wp\/v2\/media?parent=3430"}],"curies":[{"name":"wp","href":"https:\/\/api.w.org\/{rel}","templated":true}]}}