{"id":2232,"date":"2023-01-27T15:30:43","date_gmt":"2023-01-27T19:30:43","guid":{"rendered":"http:\/\/fcaap.ca\/?page_id=2232"},"modified":"2024-09-26T19:44:01","modified_gmt":"2024-09-26T23:44:01","slug":"partnership","status":"publish","type":"page","link":"https:\/\/fcaap.ca\/en\/partnership\/","title":{"rendered":"Partnership"},"content":{"rendered":"<p>[et_pb_section fb_built=&#8221;1&#8243; fullwidth=&#8221;on&#8221; _builder_version=&#8221;4.16&#8243; global_colors_info=&#8221;{}&#8221;][et_pb_fullwidth_slider _builder_version=&#8221;4.16&#8243; header_font=&#8221;|on|||&#8221; header_text_align=&#8221;center&#8221; header_text_color=&#8221;#0a6bb5&#8243; header_font_size=&#8221;40&#8243; body_font=&#8221;|700|||||||&#8221; body_text_align=&#8221;center&#8221; body_text_color=&#8221;#ce7800&#8243; body_font_size=&#8221;18&#8243; background_image=&#8221;http:\/\/fcaap.ca\/wp-content\/uploads\/2018\/08\/fcaap-partenariat_174961435.jpg&#8221; box_shadow_style=&#8221;preset6&#8243; box_shadow_blur=&#8221;10px&#8221; box_shadow_color=&#8221;rgba(0,0,0,0.1)&#8221; global_colors_info=&#8221;{}&#8221; button_text_size__hover_enabled=&#8221;off&#8221; button_text_size__hover=&#8221;null&#8221; button_one_text_size__hover_enabled=&#8221;off&#8221; button_one_text_size__hover=&#8221;null&#8221; button_two_text_size__hover_enabled=&#8221;off&#8221; button_two_text_size__hover=&#8221;null&#8221; button_text_color__hover_enabled=&#8221;off&#8221; button_text_color__hover=&#8221;null&#8221; button_one_text_color__hover_enabled=&#8221;off&#8221; button_one_text_color__hover=&#8221;null&#8221; button_two_text_color__hover_enabled=&#8221;off&#8221; button_two_text_color__hover=&#8221;null&#8221; button_border_width__hover_enabled=&#8221;off&#8221; button_border_width__hover=&#8221;null&#8221; button_one_border_width__hover_enabled=&#8221;off&#8221; button_one_border_width__hover=&#8221;null&#8221; button_two_border_width__hover_enabled=&#8221;off&#8221; button_two_border_width__hover=&#8221;null&#8221; button_border_color__hover_enabled=&#8221;off&#8221; button_border_color__hover=&#8221;null&#8221; button_one_border_color__hover_enabled=&#8221;off&#8221; button_one_border_color__hover=&#8221;null&#8221; button_two_border_color__hover_enabled=&#8221;off&#8221; button_two_border_color__hover=&#8221;null&#8221; button_border_radius__hover_enabled=&#8221;off&#8221; button_border_radius__hover=&#8221;null&#8221; button_one_border_radius__hover_enabled=&#8221;off&#8221; button_one_border_radius__hover=&#8221;null&#8221; button_two_border_radius__hover_enabled=&#8221;off&#8221; button_two_border_radius__hover=&#8221;null&#8221; button_letter_spacing__hover_enabled=&#8221;off&#8221; button_letter_spacing__hover=&#8221;null&#8221; button_one_letter_spacing__hover_enabled=&#8221;off&#8221; button_one_letter_spacing__hover=&#8221;null&#8221; button_two_letter_spacing__hover_enabled=&#8221;off&#8221; button_two_letter_spacing__hover=&#8221;null&#8221; button_bg_color__hover_enabled=&#8221;off&#8221; button_bg_color__hover=&#8221;null&#8221; button_one_bg_color__hover_enabled=&#8221;off&#8221; button_one_bg_color__hover=&#8221;null&#8221; button_two_bg_color__hover_enabled=&#8221;off&#8221; button_two_bg_color__hover=&#8221;null&#8221;][et_pb_slide heading=&#8221;ALONE, WE GO FASTER&#8221; use_bg_overlay=&#8221;on&#8221; bg_overlay_color=&#8221;rgba(219,210,208,0.38)&#8221; use_text_overlay=&#8221;on&#8221; text_overlay_color=&#8221;rgba(255,255,255,0.5)&#8221; text_border_radius=&#8221;3px&#8221; _builder_version=&#8221;4.16&#8243; header_level=&#8221;h1&#8243; header_font=&#8221;|700|||||||&#8221; header_text_align=&#8221;center&#8221; header_text_color=&#8221;#1b4984&#8243; header_font_size=&#8221;34px&#8221; body_font=&#8221;||||||||&#8221; body_font_size=&#8221;22px&#8221; body_letter_spacing=&#8221;1px&#8221; body_line_height=&#8221;1.2em&#8221; background_color=&#8221;#ffffff&#8221; background_image=&#8221;http:\/\/fcaap.ca\/wp-content\/uploads\/2018\/08\/fcaap-partenariat_174961435.jpg&#8221; parallax=&#8221;on&#8221; button_icon_placement=&#8221;right&#8221; button_on_hover=&#8221;on&#8221; header_font_size_tablet=&#8221;36&#8243; header_font_size_phone=&#8221;22px&#8221; header_font_size_last_edited=&#8221;on|phone&#8221; body_font_size_tablet=&#8221;&#8221; body_font_size_phone=&#8221;14px&#8221; body_font_size_last_edited=&#8221;on|desktop&#8221; body_letter_spacing_tablet=&#8221;1px&#8221; body_letter_spacing_phone=&#8221;1px&#8221; global_colors_info=&#8221;{}&#8221; button_text_size__hover_enabled=&#8221;off&#8221; button_one_text_size__hover_enabled=&#8221;off&#8221; button_two_text_size__hover_enabled=&#8221;off&#8221; button_text_color__hover_enabled=&#8221;off&#8221; button_one_text_color__hover_enabled=&#8221;off&#8221; button_two_text_color__hover_enabled=&#8221;off&#8221; button_border_width__hover_enabled=&#8221;off&#8221; button_one_border_width__hover_enabled=&#8221;off&#8221; button_two_border_width__hover_enabled=&#8221;off&#8221; button_border_color__hover_enabled=&#8221;off&#8221; button_one_border_color__hover_enabled=&#8221;off&#8221; button_two_border_color__hover_enabled=&#8221;off&#8221; button_border_radius__hover_enabled=&#8221;off&#8221; button_one_border_radius__hover_enabled=&#8221;off&#8221; button_two_border_radius__hover_enabled=&#8221;off&#8221; button_letter_spacing__hover_enabled=&#8221;off&#8221; button_one_letter_spacing__hover_enabled=&#8221;off&#8221; button_two_letter_spacing__hover_enabled=&#8221;off&#8221; button_bg_color__hover_enabled=&#8221;off&#8221; button_one_bg_color__hover_enabled=&#8221;off&#8221; button_two_bg_color__hover_enabled=&#8221;off&#8221; sticky_transition=&#8221;on&#8221;]<\/p>\n<p><strong><span style=\"color: #ed6b4b;\">&#8230;\u00a0<\/span><\/strong><span color=\"#ed6b4b\" style=\"color: #ed6b4b;\"><span style=\"caret-color: #ed6b4b;\">together, we go further<\/span><\/span><\/p>\n<p>[\/et_pb_slide][\/et_pb_fullwidth_slider][\/et_pb_section][et_pb_section fb_built=&#8221;1&#8243; _builder_version=&#8221;4.16&#8243; global_colors_info=&#8221;{}&#8221;][et_pb_row _builder_version=&#8221;4.16&#8243; background_size=&#8221;initial&#8221; background_position=&#8221;top_left&#8221; background_repeat=&#8221;repeat&#8221; global_colors_info=&#8221;{}&#8221;][et_pb_column type=&#8221;4_4&#8243; _builder_version=&#8221;4.16&#8243; custom_padding=&#8221;|||&#8221; global_colors_info=&#8221;{}&#8221; custom_padding__hover=&#8221;|||&#8221;][et_pb_divider show_divider=&#8221;off&#8221; _builder_version=&#8221;4.16&#8243; global_colors_info=&#8221;{}&#8221;][\/et_pb_divider][\/et_pb_column][\/et_pb_row][et_pb_row _builder_version=&#8221;4.16&#8243; background_size=&#8221;initial&#8221; background_position=&#8221;top_left&#8221; background_repeat=&#8221;repeat&#8221; global_colors_info=&#8221;{}&#8221;][et_pb_column type=&#8221;4_4&#8243; _builder_version=&#8221;4.16&#8243; custom_padding=&#8221;|||&#8221; global_colors_info=&#8221;{}&#8221; custom_padding__hover=&#8221;|||&#8221;][et_pb_text _builder_version=&#8221;4.21.0&#8243; hover_enabled=&#8221;0&#8243; global_colors_info=&#8221;{}&#8221; sticky_enabled=&#8221;0&#8243;]<\/p>\n<h1><span style=\"color: #1b4984;\"><strong>Our main partners<\/strong><\/span><\/h1>\n<p>[\/et_pb_text][\/et_pb_column][\/et_pb_row][et_pb_row _builder_version=&#8221;4.16&#8243; global_colors_info=&#8221;{}&#8221;][et_pb_column type=&#8221;4_4&#8243; _builder_version=&#8221;4.16&#8243; custom_padding=&#8221;|||&#8221; global_colors_info=&#8221;{}&#8221; custom_padding__hover=&#8221;|||&#8221;][et_pb_divider show_divider=&#8221;off&#8221; _builder_version=&#8221;4.16&#8243; global_colors_info=&#8221;{}&#8221;]<\/p>\n<p>[\/et_pb_divider][\/et_pb_column][\/et_pb_row][et_pb_row _builder_version=&#8221;4.16&#8243; background_size=&#8221;initial&#8221; background_position=&#8221;top_left&#8221; background_repeat=&#8221;repeat&#8221; global_colors_info=&#8221;{}&#8221; column_structure=&#8221;1_4,1_4,1_4,1_4&#8243;][et_pb_column type=&#8221;1_4&#8243; _builder_version=&#8221;4.16&#8243; custom_padding=&#8221;|||&#8221; global_colors_info=&#8221;{}&#8221; custom_padding__hover=&#8221;|||&#8221;][et_pb_blurb url=&#8221;http:\/\/www.aideabusaines.ca\/&#8221; url_new_window=&#8221;on&#8221; image=&#8221;http:\/\/fcaap.ca\/wp-content\/uploads\/2018\/07\/Logo-Ligne-Aide-Abus-Aines.png&#8221; _builder_version=&#8221;4.16&#8243; animation_style=&#8221;zoom&#8221; animation_duration=&#8221;800ms&#8221; global_colors_info=&#8221;{}&#8221;]<\/p>\n<p>[\/et_pb_blurb][et_pb_blurb url=&#8221;http:\/\/chssn.org\/&#8221; url_new_window=&#8221;on&#8221; image=&#8221;http:\/\/fcaap.ca\/wp-content\/uploads\/2018\/09\/CHSSNlogoHiRes-300&#215;200.jpg&#8221; image_icon_width=&#8221;90%&#8221; _builder_version=&#8221;4.16&#8243; image_max_width=&#8221;90%&#8221; global_colors_info=&#8221;{}&#8221;]<\/p>\n<p>[\/et_pb_blurb][et_pb_blurb url=&#8221;https:\/\/www.fondationemergence.org\/&#8221; url_new_window=&#8221;on&#8221; image=&#8221;http:\/\/fcaap.ca\/wp-content\/uploads\/2018\/07\/Logo-site-web-2.png&#8221; image_icon_width=&#8221;90%&#8221; _builder_version=&#8221;4.16&#8243; background_image=&#8221;http:\/\/fcaap.ca\/wp-content\/uploads\/2018\/07\/Sans-titre.png&#8221; image_max_width=&#8221;90%&#8221; global_colors_info=&#8221;{}&#8221;]<\/p>\n<p>[\/et_pb_blurb][et_pb_blurb url=&#8221;https:\/\/rqoh.com\/&#8221; url_new_window=&#8221;on&#8221; image=&#8221;http:\/\/fcaap.ca\/wp-content\/uploads\/2018\/07\/20160420_C6965_PHOTO_FR_670945.jpg&#8221; _builder_version=&#8221;4.16&#8243; global_colors_info=&#8221;{}&#8221;]<\/p>\n<p>[\/et_pb_blurb][\/et_pb_column][et_pb_column type=&#8221;1_4&#8243; _builder_version=&#8221;4.16&#8243; custom_padding=&#8221;|||&#8221; global_colors_info=&#8221;{}&#8221; custom_padding__hover=&#8221;|||&#8221;][et_pb_blurb url=&#8221;https:\/\/www.aqdr.org\/&#8221; url_new_window=&#8221;on&#8221; image=&#8221;http:\/\/fcaap.ca\/wp-content\/uploads\/2018\/09\/AQDR-siteweb-300&#215;117.png&#8221; _builder_version=&#8221;4.16&#8243; animation_style=&#8221;zoom&#8221; animation_duration=&#8221;800ms&#8221; animation_delay=&#8221;50ms&#8221; global_colors_info=&#8221;{}&#8221;]<\/p>\n<p>[\/et_pb_blurb][et_pb_blurb url=&#8221;https:\/\/conferencedestables.webnode.fr\/&#8221; url_new_window=&#8221;on&#8221; image=&#8221;http:\/\/fcaap.ca\/wp-content\/uploads\/2018\/09\/logo-conference-tables.jpg&#8221; _builder_version=&#8221;4.16&#8243; custom_margin=&#8221;-50px||31px&#8221; global_colors_info=&#8221;{}&#8221;]<\/p>\n<p>[\/et_pb_blurb][et_pb_blurb url=&#8221;https:\/\/www.ophq.gouv.qc.ca\/&#8221; url_new_window=&#8221;on&#8221; image=&#8221;http:\/\/fcaap.ca\/wp-content\/uploads\/2018\/09\/OPHQ.jpg&#8221; _builder_version=&#8221;4.16&#8243; global_colors_info=&#8221;{}&#8221;]<\/p>\n<p>[\/et_pb_blurb][et_pb_blurb url=&#8221;http:\/\/trpocb.org\/&#8221; url_new_window=&#8221;on&#8221; image=&#8221;http:\/\/fcaap.ca\/wp-content\/uploads\/2018\/09\/48014.png&#8221; _builder_version=&#8221;4.16&#8243; custom_margin=&#8221;-41px||-15px&#8221; global_colors_info=&#8221;{}&#8221;]<\/p>\n<p>[\/et_pb_blurb][\/et_pb_column][et_pb_column type=&#8221;1_4&#8243; _builder_version=&#8221;4.16&#8243; custom_padding=&#8221;|||&#8221; global_colors_info=&#8221;{}&#8221; custom_padding__hover=&#8221;|||&#8221;][et_pb_blurb url=&#8221;https:\/\/www.aqrp.qc.ca\/&#8221; url_new_window=&#8221;on&#8221; image=&#8221;http:\/\/fcaap.ca\/wp-content\/uploads\/2018\/07\/AQRP-logo-footer.png&#8221; _builder_version=&#8221;4.16&#8243; header_text_align=&#8221;center&#8221; text_orientation=&#8221;center&#8221; global_colors_info=&#8221;{}&#8221;]<\/p>\n<p>[\/et_pb_blurb][et_pb_blurb url=&#8221;http:\/\/www.curateur.gouv.qc.ca\/cura\/fr\/&#8221; url_new_window=&#8221;on&#8221; image=&#8221;http:\/\/fcaap.ca\/wp-content\/uploads\/2018\/08\/th.jpg&#8221; _builder_version=&#8221;4.16&#8243; header_text_align=&#8221;center&#8221; text_orientation=&#8221;center&#8221; global_colors_info=&#8221;{}&#8221;]<\/p>\n<p>[\/et_pb_blurb][et_pb_blurb url=&#8221;https:\/\/protecteurducitoyen.qc.ca\/fr\/porter-plainte\/comment-porter-plainte&#8221; url_new_window=&#8221;on&#8221; image=&#8221;http:\/\/fcaap.ca\/wp-content\/uploads\/2018\/08\/logo-pdc.png&#8221; _builder_version=&#8221;4.16&#8243; header_text_align=&#8221;center&#8221; text_orientation=&#8221;center&#8221; custom_margin=&#8221;-34px||&#8221; global_colors_info=&#8221;{}&#8221;]<\/p>\n<p>[\/et_pb_blurb][\/et_pb_column][et_pb_column type=&#8221;1_4&#8243; _builder_version=&#8221;4.16&#8243; custom_padding=&#8221;|||&#8221; global_colors_info=&#8221;{}&#8221; custom_padding__hover=&#8221;|||&#8221;][et_pb_blurb url=&#8221;http:\/\/areq.lacsq.org\/&#8221; url_new_window=&#8221;on&#8221; image=&#8221;http:\/\/fcaap.ca\/wp-content\/uploads\/2018\/07\/Logo-AREQ-court-quadri.jpg&#8221; _builder_version=&#8221;4.16&#8243; global_colors_info=&#8221;{}&#8221;]<\/p>\n<p>[\/et_pb_blurb][et_pb_blurb url=&#8221;https:\/\/www.fadoq.ca\/&#8221; url_new_window=&#8221;on&#8221; image=&#8221;http:\/\/fcaap.ca\/wp-content\/uploads\/2018\/07\/Logo-FADOQ-resume-1.jpg&#8221; image_icon_width=&#8221;83%&#8221; _builder_version=&#8221;4.16&#8243; header_text_align=&#8221;center&#8221; text_orientation=&#8221;center&#8221; image_max_width=&#8221;83%&#8221; global_colors_info=&#8221;{}&#8221;]<\/p>\n<p>[\/et_pb_blurb][et_pb_blurb url=&#8221;http:\/\/www.rpcu.qc.ca\/default.aspx&#8221; url_new_window=&#8221;on&#8221; image=&#8221;http:\/\/fcaap.ca\/wp-content\/uploads\/2018\/07\/RPCU-LOGO-02.gif&#8221; _builder_version=&#8221;4.16&#8243; custom_margin=&#8221;-21px||&#8221; global_colors_info=&#8221;{}&#8221;]<\/p>\n<p>[\/et_pb_blurb][\/et_pb_column][\/et_pb_row][et_pb_row _builder_version=&#8221;4.16&#8243; background_size=&#8221;initial&#8221; background_position=&#8221;top_left&#8221; background_repeat=&#8221;repeat&#8221; global_colors_info=&#8221;{}&#8221;][et_pb_column type=&#8221;4_4&#8243; _builder_version=&#8221;4.16&#8243; custom_padding=&#8221;|||&#8221; global_colors_info=&#8221;{}&#8221; custom_padding__hover=&#8221;|||&#8221;][et_pb_text _builder_version=&#8221;4.21.0&#8243; hover_enabled=&#8221;0&#8243; global_colors_info=&#8221;{}&#8221; sticky_enabled=&#8221;0&#8243;]<\/p>\n<h1><span style=\"color: #1b4984;\"><strong>Other useful links<\/strong><\/span><\/h1>\n<p>[\/et_pb_text][\/et_pb_column][\/et_pb_row][et_pb_row _builder_version=&#8221;4.16&#8243; background_size=&#8221;initial&#8221; background_position=&#8221;top_left&#8221; background_repeat=&#8221;repeat&#8221; global_colors_info=&#8221;{}&#8221; column_structure=&#8221;1_3,1_3,1_3&#8243;][et_pb_column type=&#8221;1_3&#8243; _builder_version=&#8221;4.16&#8243; custom_padding=&#8221;|||&#8221; global_colors_info=&#8221;{}&#8221; custom_padding__hover=&#8221;|||&#8221;][et_pb_text _builder_version=&#8221;4.21.0&#8243; header_font=&#8221;||||||||&#8221; header_3_font=&#8221;|700|||||||&#8221; header_3_text_align=&#8221;left&#8221; hover_enabled=&#8221;0&#8243; global_colors_info=&#8221;{}&#8221; sticky_enabled=&#8221;0&#8243;]<\/p>\n<h3><span style=\"color: #ed6b4b;\">Health and Social Services &#8211; Government<\/span><\/h3>\n<p><span><a href=\"http:\/\/www.msss.gouv.qc.ca\/\" target=\"_blank\" rel=\"noopener noreferrer\">Minist\u00e8re de la Sant\u00e9 et des services sociaux<\/a><\/span><\/p>\n<p><a href=\"http:\/\/www.ramq.gouv.qc.ca\/\" target=\"_blank\" rel=\"noopener noreferrer\">R\u00e9gie de l\u2019assurance maladie du Qu\u00e9bec (RAMQ)<\/a><\/p>\n<p><a title=\"Commissaire \u00e0 la sant\u00e9 et au bien-\u00eatre\" href=\"http:\/\/www.csbe.gouv.qc.ca\/\" target=\"_blank\" rel=\"noopener noreferrer\">Commissaire \u00e0 la sant\u00e9 et au bien-\u00eatre<\/a><\/p>\n<p><a title=\"Institut national de la sant\u00e9 publique\" href=\"http:\/\/www.inspq.qc.ca\/\" target=\"_blank\" rel=\"noopener noreferrer\"><span>Public health expertise and reference centre<\/span><\/a><\/p>\n<p><a href=\"https:\/\/www.mfa.gouv.qc.ca\/fr\/aines\/lutte_contre_maltraitance\/Pages\/index.aspx\" target=\"_blank\" rel=\"noopener noreferrer\">Minist\u00e8re de la Famille<\/a><\/p>\n<p>[\/et_pb_text][\/et_pb_column][et_pb_column type=&#8221;1_3&#8243; _builder_version=&#8221;4.16&#8243; custom_padding=&#8221;|||&#8221; global_colors_info=&#8221;{}&#8221; custom_padding__hover=&#8221;|||&#8221;][et_pb_text _builder_version=&#8221;4.21.0&#8243; header_font=&#8221;||||||||&#8221; header_3_font=&#8221;|700|||||||&#8221; header_3_text_align=&#8221;left&#8221; hover_enabled=&#8221;0&#8243; global_colors_info=&#8221;{}&#8221; sticky_enabled=&#8221;0&#8243;]<\/p>\n<h3><span style=\"color: #ed6b4b;\">Rights and legal information<\/span><\/h3>\n<p><a href=\"http:\/\/www.cdpdj.qc.ca\/\" target=\"_blank\" rel=\"noopener\">Commission des droits de la personne et des droits de la jeunesse<\/a><\/p>\n<p><a href=\"http:\/\/www.cai.gouv.qc.ca\/\" target=\"_blank\" rel=\"noopener\">Commission d\u2019acc\u00e8s \u00e0 l\u2019information du Qu\u00e9bec<\/a><\/p>\n<p><a href=\"http:\/\/www.justicedeproximite.qc.ca\/\" target=\"_blank\" rel=\"noopener\">Centre de justice de proximit\u00e9<\/a><\/p>\n<p><a title=\"\u00c9ducaloi (information juridique)\" href=\"http:\/\/www.educaloi.qc.ca\/en\" target=\"_blank\" rel=\"noopener noreferrer\">\u00c9ducaloi (information juridique)<\/a><\/p>\n<p>[\/et_pb_text][\/et_pb_column][et_pb_column type=&#8221;1_3&#8243; _builder_version=&#8221;4.16&#8243; custom_padding=&#8221;|||&#8221; global_colors_info=&#8221;{}&#8221; custom_padding__hover=&#8221;|||&#8221;][et_pb_text _builder_version=&#8221;4.21.0&#8243; header_font=&#8221;||||||||&#8221; header_3_font=&#8221;|700|||||||&#8221; header_3_text_align=&#8221;left&#8221; hover_enabled=&#8221;0&#8243; global_colors_info=&#8221;{}&#8221; sticky_enabled=&#8221;0&#8243;]<\/p>\n<h3><strong><span style=\"color: #ed6b4b;\">Health &#8211; Professionnals<\/span><\/strong><\/h3>\n<p><a href=\"http:\/\/www.acmdp.qc.ca\/\" target=\"_blank\" rel=\"noopener\">Association des conseils de m\u00e9decins, dentistes et pharmaciens<\/a><\/p>\n<p><a href=\"http:\/\/www.cmq.org\/\" target=\"_blank\" rel=\"noopener\">Coll\u00e8ge des m\u00e9decins du Qu\u00e9bec<\/a><\/p>\n<p><a href=\"http:\/\/www.odq.qc.ca\/\" target=\"_blank\" rel=\"noopener\">Ordre des dentistes du Qu\u00e9bec<\/a><\/p>\n<p><a href=\"http:\/\/www.opq.org\/\" target=\"_blank\" rel=\"noopener\">Ordre des pharmaciens du Qu\u00e9bec<\/a><\/p>\n<p><a href=\"http:\/\/www.ordrepsy.qc.ca\/\" target=\"_blank\" rel=\"noopener\">Ordre des psychologues du Qu\u00e9bec<\/a><\/p>\n<p><a href=\"http:\/\/www.optsq.org\/\" target=\"_blank\" rel=\"noopener\">Ordre des travailleurs sociaux du Qu\u00e9bec<\/a><\/p>\n<p><a href=\"http:\/\/www.oiiq.org\/\" target=\"_blank\" rel=\"noopener\">Ordre des infirmiers et infirmi\u00e8res du Qu\u00e9bec<\/a><\/p>\n<p><a href=\"https:\/\/www.oiiaq.org\/\" target=\"_blank\" rel=\"noopener\">Ordre des infirmiers et infirmi\u00e8res auxiliaires du Qu\u00e9bec<\/a><\/p>\n<p><a title=\"F\u00e9d\u00e9ration des Pr\u00e9pos\u00e9(e)s aux B\u00e9n\u00e9ficiaires publics et priv\u00e9s du Qu\u00e9bec\" href=\"http:\/\/www.fpbq.com\/\" target=\"_blank\" rel=\"noopener noreferrer\">F\u00e9d\u00e9ration des pr\u00e9pos\u00e9(e)s aux b\u00e9n\u00e9ficiaires du Qu\u00e9bec<\/a><\/p>\n<p>[\/et_pb_text][\/et_pb_column][\/et_pb_row][\/et_pb_section][et_pb_section fb_built=&#8221;1&#8243; specialty=&#8221;on&#8221; _builder_version=&#8221;4.16&#8243; global_colors_info=&#8221;{}&#8221;][\/et_pb_section]<\/p>\n","protected":false},"excerpt":{"rendered":"<p>&#8230;\u00a0together, we go furtherOur main partners Other useful linksHealth and Social Services &#8211; Government Minist\u00e8re de la Sant\u00e9 et des services sociaux R\u00e9gie de l\u2019assurance maladie du Qu\u00e9bec (RAMQ) Commissaire \u00e0 la sant\u00e9 et au bien-\u00eatre Public health expertise and reference centre Minist\u00e8re de la FamilleRights and legal information Commission des droits de la personne [&hellip;]<\/p>\n","protected":false},"author":1,"featured_media":0,"parent":0,"menu_order":0,"comment_status":"closed","ping_status":"closed","template":"","meta":{"_et_pb_use_builder":"on","_et_pb_old_content":"","_et_gb_content_width":"","_monsterinsights_skip_tracking":false,"_monsterinsights_sitenote_active":false,"_monsterinsights_sitenote_note":"","_monsterinsights_sitenote_category":0,"_uf_show_specific_survey":0,"_uf_disable_surveys":false,"footnotes":""},"class_list":["post-2232","page","type-page","status-publish","hentry"],"_links":{"self":[{"href":"https:\/\/fcaap.ca\/en\/wp-json\/wp\/v2\/pages\/2232"}],"collection":[{"href":"https:\/\/fcaap.ca\/en\/wp-json\/wp\/v2\/pages"}],"about":[{"href":"https:\/\/fcaap.ca\/en\/wp-json\/wp\/v2\/types\/page"}],"author":[{"embeddable":true,"href":"https:\/\/fcaap.ca\/en\/wp-json\/wp\/v2\/users\/1"}],"replies":[{"embeddable":true,"href":"https:\/\/fcaap.ca\/en\/wp-json\/wp\/v2\/comments?post=2232"}],"version-history":[{"count":7,"href":"https:\/\/fcaap.ca\/en\/wp-json\/wp\/v2\/pages\/2232\/revisions"}],"predecessor-version":[{"id":4867,"href":"https:\/\/fcaap.ca\/en\/wp-json\/wp\/v2\/pages\/2232\/revisions\/4867"}],"wp:attachment":[{"href":"https:\/\/fcaap.ca\/en\/wp-json\/wp\/v2\/media?parent=2232"}],"curies":[{"name":"wp","href":"https:\/\/api.w.org\/{rel}","templated":true}]}}